{"id":2484,"date":"2024-09-15T15:44:29","date_gmt":"2024-09-15T13:44:29","guid":{"rendered":"https:\/\/staging.lesgitesdelamadrague.com\/?page_id=2484"},"modified":"2024-09-15T15:45:36","modified_gmt":"2024-09-15T13:45:36","slug":"contact-en","status":"publish","type":"page","link":"https:\/\/lesgitesdelamadrague.com\/index.php\/en\/contact-en\/","title":{"rendered":"contact &#8211; english"},"content":{"rendered":"<p>[et_pb_section fb_built=\u00a0\u00bb1&Prime; custom_padding_last_edited=\u00a0\u00bbon|phone\u00a0\u00bb _builder_version=\u00a0\u00bb4.25.1&Prime; _module_preset=\u00a0\u00bbdefault\u00a0\u00bb custom_margin=\u00a0\u00bb0px||0px||false|false\u00a0\u00bb custom_margin_tablet=\u00a0\u00bb0px||0px||false|false\u00a0\u00bb custom_margin_phone=\u00a0\u00bb120px||0px||false|false\u00a0\u00bb custom_margin_last_edited=\u00a0\u00bbon|phone\u00a0\u00bb custom_padding=\u00a0\u00bb0px||0px||false|false\u00a0\u00bb custom_padding_tablet=\u00a0\u00bb0px||0px||false|false\u00a0\u00bb custom_padding_phone=\u00a0\u00bb3px||||false|false\u00a0\u00bb da_disable_devices=\u00a0\u00bboff|off|off\u00a0\u00bb global_colors_info=\u00a0\u00bb{}\u00a0\u00bb theme_builder_area=\u00a0\u00bbpost_content\u00a0\u00bb da_is_popup=\u00a0\u00bboff\u00a0\u00bb da_exit_intent=\u00a0\u00bboff\u00a0\u00bb da_has_close=\u00a0\u00bbon\u00a0\u00bb da_alt_close=\u00a0\u00bboff\u00a0\u00bb da_dark_close=\u00a0\u00bboff\u00a0\u00bb da_not_modal=\u00a0\u00bbon\u00a0\u00bb da_is_singular=\u00a0\u00bboff\u00a0\u00bb da_with_loader=\u00a0\u00bboff\u00a0\u00bb da_has_shadow=\u00a0\u00bbon\u00a0\u00bb][et_pb_row _builder_version=\u00a0\u00bb4.24.3&Prime; _module_preset=\u00a0\u00bbdefault\u00a0\u00bb global_colors_info=\u00a0\u00bb{}\u00a0\u00bb theme_builder_area=\u00a0\u00bbpost_content\u00a0\u00bb][et_pb_column type=\u00a0\u00bb4_4&Prime; _builder_version=\u00a0\u00bb4.24.3&Prime; _module_preset=\u00a0\u00bbdefault\u00a0\u00bb global_colors_info=\u00a0\u00bb{}\u00a0\u00bb theme_builder_area=\u00a0\u00bbpost_content\u00a0\u00bb][et_pb_text _builder_version=\u00a0\u00bb4.27.0&Prime; _module_preset=\u00a0\u00bbdefault\u00a0\u00bb header_font=\u00a0\u00bbKalam|700|||||||\u00a0\u00bb header_text_color=\u00a0\u00bb#006d75&Prime; header_font_size=\u00a0\u00bb50px\u00a0\u00bb custom_margin_tablet=\u00a0\u00bb\u00a0\u00bb custom_margin_phone=\u00a0\u00bb\u00a0\u00bb custom_margin_last_edited=\u00a0\u00bbon|phone\u00a0\u00bb hover_enabled=\u00a0\u00bb0&Prime; header_font_tablet=\u00a0\u00bbKalam|700|||||||\u00a0\u00bb header_font_phone=\u00a0\u00bbKalam|700|||||||\u00a0\u00bb header_font_last_edited=\u00a0\u00bbon|phone\u00a0\u00bb header_text_color_tablet=\u00a0\u00bb#45818e\u00a0\u00bb header_text_color_phone=\u00a0\u00bb#45818e\u00a0\u00bb header_text_color_last_edited=\u00a0\u00bbon|desktop\u00a0\u00bb header_font_size_tablet=\u00a0\u00bb55px\u00a0\u00bb header_font_size_phone=\u00a0\u00bb35px\u00a0\u00bb header_font_size_last_edited=\u00a0\u00bbon|phone\u00a0\u00bb global_colors_info=\u00a0\u00bb{}\u00a0\u00bb theme_builder_area=\u00a0\u00bbpost_content\u00a0\u00bb sticky_enabled=\u00a0\u00bb0&Prime;]<\/p>\n<h1>Yours guests<\/h1>\n<p>[\/et_pb_text][\/et_pb_column][\/et_pb_row][et_pb_row column_structure=\u00a0\u00bb1_2,1_2&Prime; use_custom_gutter=\u00a0\u00bbon\u00a0\u00bb gutter_width=\u00a0\u00bb2&Prime; _builder_version=\u00a0\u00bb4.25.1&Prime; _module_preset=\u00a0\u00bbdefault\u00a0\u00bb width=\u00a0\u00bb88%\u00a0\u00bb width_tablet=\u00a0\u00bb88%\u00a0\u00bb width_phone=\u00a0\u00bb88%\u00a0\u00bb width_last_edited=\u00a0\u00bbon|phone\u00a0\u00bb custom_margin_tablet=\u00a0\u00bb\u00a0\u00bb custom_margin_phone=\u00a0\u00bb21px||||false|false\u00a0\u00bb custom_margin_last_edited=\u00a0\u00bbon|phone\u00a0\u00bb custom_padding=\u00a0\u00bb1px|||||\u00a0\u00bb global_colors_info=\u00a0\u00bb{}\u00a0\u00bb theme_builder_area=\u00a0\u00bbpost_content\u00a0\u00bb][et_pb_column type=\u00a0\u00bb1_2&Prime; _builder_version=\u00a0\u00bb4.24.3&Prime; _module_preset=\u00a0\u00bbdefault\u00a0\u00bb custom_padding=\u00a0\u00bb4px|4px|40px|4px|false|false\u00a0\u00bb border_color_all=\u00a0\u00bb#45818e\u00a0\u00bb global_colors_info=\u00a0\u00bb{}\u00a0\u00bb theme_builder_area=\u00a0\u00bbpost_content\u00a0\u00bb][et_pb_text content_tablet=\u00a0\u00bb<\/p>\n<h2 style=%22text-align: right;%22>Pour vous accueillir et vous donner toutes les informations :<\/h2>\n<p>\u00a0\u00bb content_phone=\u00a0\u00bb<\/p>\n<h2 style=%22text-align: left;%22>Pour vous accueillir et vous donner toutes les informations :<\/h2>\n<p>\u00a0\u00bb content_last_edited=\u00a0\u00bbon|phone\u00a0\u00bb _builder_version=\u00a0\u00bb4.27.0&Prime; _module_preset=\u00a0\u00bbdefault\u00a0\u00bb header_2_font=\u00a0\u00bb&#8211;et_global_body_font|600|||||||\u00a0\u00bb header_2_font_size=\u00a0\u00bb18px\u00a0\u00bb header_2_line_height=\u00a0\u00bb1.2em\u00a0\u00bb min_height=\u00a0\u00bb0px\u00a0\u00bb hover_enabled=\u00a0\u00bb0&Prime; header_2_font_size_tablet=\u00a0\u00bb18px\u00a0\u00bb header_2_font_size_phone=\u00a0\u00bb17px\u00a0\u00bb header_2_font_size_last_edited=\u00a0\u00bbon|phone\u00a0\u00bb header_2_line_height_tablet=\u00a0\u00bb1.2em\u00a0\u00bb header_2_line_height_phone=\u00a0\u00bb1.4em\u00a0\u00bb header_2_line_height_last_edited=\u00a0\u00bbon|phone\u00a0\u00bb global_colors_info=\u00a0\u00bb{}\u00a0\u00bb theme_builder_area=\u00a0\u00bbpost_content\u00a0\u00bb sticky_enabled=\u00a0\u00bb0&Prime;]<\/p>\n<h2 style=\"text-align: right;\">To welcome you and give you all the information: :<\/h2>\n<p>[\/et_pb_text][et_pb_text content_tablet=\u00a0\u00bb<\/p>\n<p style=%22text-align: right;%22><strong>La conciergerie de la c\u00f4te bleue<\/strong><br \/>Sandrine 033 (0)6 24 88 67 99<br \/>Guillaume 033 (0)6 19 22 19 13<br \/><a href=%22mailto:lesgitesdelamadrague@gmail.com%22>lesgitesdelamadrague@gmail.com<\/a><\/p>\n<p style=%22text-align: right;%22><strong>Les propri\u00e9taires<\/strong><br \/><em>(\u00e0 contacter en cas de n\u00e9cessit\u00e9)<\/em><br \/>Bruno et Patricia MARSEROU &#8211; OTTENHEIMER<br \/>5 chemin de la calanque du puits<br \/>13820 ENSUES LA REDONNE<br \/>T\u00e9l : 0033 (0)4 42 45 96 50<br \/>Portable Patricia : 0033 (0)6 79 93 65 41<br \/>Portable Bruno : (0)7 81 15 91 00<\/p>\n<p>\u00a0\u00bb content_phone=\u00a0\u00bb<\/p>\n<p style=%22text-align: left;%22><strong>La conciergerie de la c\u00f4te bleue<\/strong><br \/><strong>Sandrine<\/strong> 033 (0)6 24 88 67 99<br \/><strong>Guillaume<\/strong> 033 (0)6 19 22 19 13<br \/><a href=%22mailto:lesgitesdelamadrague@gmail.com%22>lesgitesdelamadrague@gmail.com<\/a><\/p>\n<p style=%22text-align: left;%22><strong>Les propri\u00e9taires<\/strong><br \/><em>(\u00e0 contacter en cas de n\u00e9cessit\u00e9)<\/em><br \/>Bruno et Patricia MARSEROU &#8211; OTTENHEIMER<br \/>5 chemin de la calanque du puits<br \/>13820 ENSUES LA REDONNE<br \/>T\u00e9l : 0033 (0)4 42 45 96 50<br \/><strong>Portable Patricia :<\/strong> 0033 (0)6 79 93 65 41<br \/><strong>Portable Bruno :<\/strong> (0)7 81 15 91 00<\/p>\n<p>\u00a0\u00bb content_last_edited=\u00a0\u00bbon|phone\u00a0\u00bb _builder_version=\u00a0\u00bb4.27.0&Prime; _module_preset=\u00a0\u00bbdefault\u00a0\u00bb text_font=\u00a0\u00bbBarlow||||||||\u00a0\u00bb custom_margin=\u00a0\u00bb||||false|false\u00a0\u00bb custom_padding=\u00a0\u00bb||||false|false\u00a0\u00bb hover_enabled=\u00a0\u00bb0&Prime; text_font_size_tablet=\u00a0\u00bb\u00a0\u00bb text_font_size_phone=\u00a0\u00bb16px\u00a0\u00bb text_font_size_last_edited=\u00a0\u00bbon|phone\u00a0\u00bb text_line_height_tablet=\u00a0\u00bb\u00a0\u00bb text_line_height_phone=\u00a0\u00bb1.75em\u00a0\u00bb text_line_height_last_edited=\u00a0\u00bbon|phone\u00a0\u00bb global_colors_info=\u00a0\u00bb{}\u00a0\u00bb theme_builder_area=\u00a0\u00bbpost_content\u00a0\u00bb sticky_enabled=\u00a0\u00bb0&Prime;]<\/p>\n<p style=\"text-align: right;\"><strong>Concierge of blue coast<\/strong><br \/>Sandrine phone 033 (0)6 24 88 67 99<br \/>Guillaume phone 033 (0)6 19 22 19 13<br \/><a href=\"mailto:lesgitesdelamadrague@gmail.com\">lesgitesdelamadrague@gmail.com<\/a><\/p>\n<p style=\"text-align: right;\"><strong>The owners<\/strong><br \/><em>(<span style=\"font-weight: 400;\">to be contacted if necessary<\/span>)<\/em><br \/>Bruno et Patricia MARSEROU &#8211; OTTENHEIMER<br \/>5 chemin de la calanque du puits<br \/>13820 ENSUES LA REDONNE<br \/>Phone : 0033 (0)4 42 45 96 50<br \/>Patricia phone : 0033 (0)6 79 93 65 41<br \/>Portable phone : 0033 (0)7 81 15 91 00<\/p>\n<p>[\/et_pb_text][\/et_pb_column][et_pb_column type=\u00a0\u00bb1_2&Prime; _builder_version=\u00a0\u00bb4.24.3&Prime; _module_preset=\u00a0\u00bbdefault\u00a0\u00bb global_colors_info=\u00a0\u00bb{}\u00a0\u00bb theme_builder_area=\u00a0\u00bbpost_content\u00a0\u00bb][et_pb_image src=\u00a0\u00bbhttps:\/\/lesgitesdelamadrague.com\/wp-content\/uploads\/2024\/05\/les_hotes_sandrine_guillaume_carre.png\u00a0\u00bb title_text=\u00a0\u00bbles_hotes_sandrine_guillaume_carre\u00a0\u00bb force_fullwidth=\u00a0\u00bbon\u00a0\u00bb src_tablet=\u00a0\u00bbhttps:\/\/lesgitesdelamadrague.com\/wp-content\/uploads\/2024\/05\/les_hotes_sandrine_guillaume_carre.png\u00a0\u00bb src_phone=\u00a0\u00bbhttps:\/\/lesgitesdelamadrague.com\/wp-content\/uploads\/2024\/05\/les_hotes_sandrine_guillaume_carre.png\u00a0\u00bb src_last_edited=\u00a0\u00bbon|phone\u00a0\u00bb _builder_version=\u00a0\u00bb4.25.1&Prime; _module_preset=\u00a0\u00bbdefault\u00a0\u00bb transform_scale_tablet=\u00a0\u00bb\u00a0\u00bb transform_scale_phone=\u00a0\u00bb\u00a0\u00bb transform_scale_last_edited=\u00a0\u00bbon|phone\u00a0\u00bb transform_translate_tablet=\u00a0\u00bb\u00a0\u00bb transform_translate_phone=\u00a0\u00bb\u00a0\u00bb transform_translate_last_edited=\u00a0\u00bbon|phone\u00a0\u00bb transform_rotate_tablet=\u00a0\u00bb\u00a0\u00bb transform_rotate_phone=\u00a0\u00bb\u00a0\u00bb transform_rotate_last_edited=\u00a0\u00bbon|phone\u00a0\u00bb transform_skew_tablet=\u00a0\u00bb\u00a0\u00bb transform_skew_phone=\u00a0\u00bb\u00a0\u00bb transform_skew_last_edited=\u00a0\u00bbon|phone\u00a0\u00bb transform_origin_tablet=\u00a0\u00bb\u00a0\u00bb transform_origin_phone=\u00a0\u00bb\u00a0\u00bb transform_origin_last_edited=\u00a0\u00bbon|phone\u00a0\u00bb transform_styles_last_edited=\u00a0\u00bbon|phone\u00a0\u00bb module_alignment=\u00a0\u00bbcenter\u00a0\u00bb custom_margin=\u00a0\u00bb||||false|false\u00a0\u00bb custom_padding=\u00a0\u00bb||||false|false\u00a0\u00bb transform_styles_tablet=\u00a0\u00bb\u00a0\u00bb transform_styles_phone=\u00a0\u00bb\u00a0\u00bb border_radii=\u00a0\u00bbon|10px|10px|10px|10px\u00a0\u00bb global_colors_info=\u00a0\u00bb{}\u00a0\u00bb theme_builder_area=\u00a0\u00bbpost_content\u00a0\u00bb][\/et_pb_image][\/et_pb_column][\/et_pb_row][\/et_pb_section]<\/p>\n","protected":false},"excerpt":{"rendered":"<p>Yours guestsTo welcome you and give you all the information: :Concierge of blue coastSandrine phone 033 (0)6 24 88 67 99Guillaume phone 033 (0)6 19 22 19 13lesgitesdelamadrague@gmail.com The owners(to be contacted if necessary)Bruno et Patricia MARSEROU &#8211; OTTENHEIMER5 chemin de la calanque du puits13820 ENSUES LA REDONNEPhone : 0033 (0)4 42 45 96 50Patricia [&hellip;]<\/p>\n","protected":false},"author":1,"featured_media":0,"parent":0,"menu_order":0,"comment_status":"closed","ping_status":"closed","template":"","meta":{"_et_pb_use_builder":"on","_et_pb_old_content":"","_et_gb_content_width":"","footnotes":""},"class_list":["post-2484","page","type-page","status-publish","hentry"],"_links":{"self":[{"href":"https:\/\/lesgitesdelamadrague.com\/index.php\/wp-json\/wp\/v2\/pages\/2484","targetHints":{"allow":["GET"]}}],"collection":[{"href":"https:\/\/lesgitesdelamadrague.com\/index.php\/wp-json\/wp\/v2\/pages"}],"about":[{"href":"https:\/\/lesgitesdelamadrague.com\/index.php\/wp-json\/wp\/v2\/types\/page"}],"author":[{"embeddable":true,"href":"https:\/\/lesgitesdelamadrague.com\/index.php\/wp-json\/wp\/v2\/users\/1"}],"replies":[{"embeddable":true,"href":"https:\/\/lesgitesdelamadrague.com\/index.php\/wp-json\/wp\/v2\/comments?post=2484"}],"version-history":[{"count":3,"href":"https:\/\/lesgitesdelamadrague.com\/index.php\/wp-json\/wp\/v2\/pages\/2484\/revisions"}],"predecessor-version":[{"id":2488,"href":"https:\/\/lesgitesdelamadrague.com\/index.php\/wp-json\/wp\/v2\/pages\/2484\/revisions\/2488"}],"wp:attachment":[{"href":"https:\/\/lesgitesdelamadrague.com\/index.php\/wp-json\/wp\/v2\/media?parent=2484"}],"curies":[{"name":"wp","href":"https:\/\/api.w.org\/{rel}","templated":true}]}}