{"id":2417,"date":"2024-09-15T14:57:11","date_gmt":"2024-09-15T12:57:11","guid":{"rendered":"https:\/\/staging.lesgitesdelamadrague.com\/?page_id=2417"},"modified":"2024-10-05T15:13:54","modified_gmt":"2024-10-05T13:13:54","slug":"cabanon-pecheurs-english","status":"publish","type":"page","link":"https:\/\/lesgitesdelamadrague.com\/index.php\/en\/cabanon-pecheurs-english\/","title":{"rendered":"Le cabanon des pecheurs &#8211; english"},"content":{"rendered":"<p>[et_pb_section fb_built=\u00a0\u00bb1&Prime; custom_padding_last_edited=\u00a0\u00bbon|phone\u00a0\u00bb admin_label=\u00a0\u00bbSection\u00a0\u00bb _builder_version=\u00a0\u00bb4.25.1&Prime; _module_preset=\u00a0\u00bbdefault\u00a0\u00bb custom_margin=\u00a0\u00bb||||false|false\u00a0\u00bb custom_margin_tablet=\u00a0\u00bb20px||||false|false\u00a0\u00bb custom_margin_phone=\u00a0\u00bb20px||||false|false\u00a0\u00bb custom_margin_last_edited=\u00a0\u00bbon|desktop\u00a0\u00bb custom_padding=\u00a0\u00bb0px||0px||false|false\u00a0\u00bb custom_padding_tablet=\u00a0\u00bb||5px||false|false\u00a0\u00bb custom_padding_phone=\u00a0\u00bb90px||||false|false\u00a0\u00bb da_disable_devices=\u00a0\u00bboff|off|off\u00a0\u00bb locked=\u00a0\u00bboff\u00a0\u00bb global_colors_info=\u00a0\u00bb{}\u00a0\u00bb da_is_popup=\u00a0\u00bboff\u00a0\u00bb da_exit_intent=\u00a0\u00bboff\u00a0\u00bb da_has_close=\u00a0\u00bbon\u00a0\u00bb da_alt_close=\u00a0\u00bboff\u00a0\u00bb da_dark_close=\u00a0\u00bboff\u00a0\u00bb da_not_modal=\u00a0\u00bbon\u00a0\u00bb da_is_singular=\u00a0\u00bboff\u00a0\u00bb da_with_loader=\u00a0\u00bboff\u00a0\u00bb da_has_shadow=\u00a0\u00bbon\u00a0\u00bb][et_pb_row column_structure=\u00a0\u00bb1_2,1_2&Prime; _builder_version=\u00a0\u00bb4.24.3&Prime; _module_preset=\u00a0\u00bbdefault\u00a0\u00bb custom_margin=\u00a0\u00bb|auto|-10px|auto||\u00a0\u00bb custom_padding=\u00a0\u00bb||6px|||\u00a0\u00bb global_colors_info=\u00a0\u00bb{}\u00a0\u00bb][et_pb_column type=\u00a0\u00bb1_2&Prime; _builder_version=\u00a0\u00bb4.24.3&Prime; _module_preset=\u00a0\u00bbdefault\u00a0\u00bb global_colors_info=\u00a0\u00bb{}\u00a0\u00bb][et_pb_text content_tablet=\u00a0\u00bb<\/p>\n<h1 style=%22text-align: right;%22>Le cabanon de Jaques<\/h1>\n<p>\u00a0\u00bb content_phone=\u00a0\u00bb<\/p>\n<h1 style=%22text-align: center;%22>Le cabanon des p\u00eacheurs<\/h1>\n<p>\u00a0\u00bb content_last_edited=\u00a0\u00bbon|phone\u00a0\u00bb _builder_version=\u00a0\u00bb4.25.1&Prime; _module_preset=\u00a0\u00bbdefault\u00a0\u00bb header_font=\u00a0\u00bbKalam|700|||||||\u00a0\u00bb header_text_align=\u00a0\u00bbcenter\u00a0\u00bb header_text_color=\u00a0\u00bb#006d75&Prime; header_font_size=\u00a0\u00bb48px\u00a0\u00bb custom_margin=\u00a0\u00bb||-30px||false|false\u00a0\u00bb custom_padding=\u00a0\u00bb||||false|false\u00a0\u00bb header_font_tablet=\u00a0\u00bbKalam|700|||||||\u00a0\u00bb header_font_phone=\u00a0\u00bbKalam|700|||||||\u00a0\u00bb header_font_last_edited=\u00a0\u00bbon|phone\u00a0\u00bb header_font_size_tablet=\u00a0\u00bb54px\u00a0\u00bb header_font_size_phone=\u00a0\u00bb29px\u00a0\u00bb header_font_size_last_edited=\u00a0\u00bbon|phone\u00a0\u00bb global_colors_info=\u00a0\u00bb{}\u00a0\u00bb]<\/p>\n<h1 style=\"text-align: right;\">Le cabanon des p\u00eacheurs<\/h1>\n<p>[\/et_pb_text][\/et_pb_column][et_pb_column type=\u00a0\u00bb1_2&Prime; _builder_version=\u00a0\u00bb4.24.3&Prime; _module_preset=\u00a0\u00bbdefault\u00a0\u00bb global_colors_info=\u00a0\u00bb{}\u00a0\u00bb][et_pb_image src=\u00a0\u00bbhttps:\/\/lesgitesdelamadrague.com\/wp-content\/uploads\/2024\/05\/pictogramme_peche.png\u00a0\u00bb alt=\u00a0\u00bbtortue\u00a0\u00bb title_text=\u00a0\u00bbpictogramme_peche\u00a0\u00bb src_tablet=\u00a0\u00bbhttps:\/\/lesgitesdelamadrague.com\/wp-content\/uploads\/2024\/05\/pictogrambouee.png\u00a0\u00bb src_phone=\u00a0\u00bbhttps:\/\/lesgitesdelamadrague.com\/wp-content\/uploads\/2024\/05\/pictogramme_peche.png\u00a0\u00bb src_last_edited=\u00a0\u00bbon|phone\u00a0\u00bb show_bottom_space_last_edited=\u00a0\u00bboff|desktop\u00a0\u00bb align_tablet=\u00a0\u00bb\u00a0\u00bb align_phone=\u00a0\u00bbright\u00a0\u00bb align_last_edited=\u00a0\u00bbon|phone\u00a0\u00bb disabled_on=\u00a0\u00bbon|off|off\u00a0\u00bb _builder_version=\u00a0\u00bb4.25.1&Prime; _module_preset=\u00a0\u00bbdefault\u00a0\u00bb transform_translate_linked=\u00a0\u00bboff\u00a0\u00bb width_tablet=\u00a0\u00bb\u00a0\u00bb width_phone=\u00a0\u00bb0%\u00a0\u00bb width_last_edited=\u00a0\u00bbon|phone\u00a0\u00bb max_width=\u00a0\u00bb10%\u00a0\u00bb module_alignment=\u00a0\u00bbleft\u00a0\u00bb max_height=\u00a0\u00bb100px\u00a0\u00bb custom_margin_tablet=\u00a0\u00bb\u00a0\u00bb custom_margin_phone=\u00a0\u00bb\u00a0\u00bb custom_margin_last_edited=\u00a0\u00bbon|desktop\u00a0\u00bb custom_padding=\u00a0\u00bb0px||0px||false|false\u00a0\u00bb custom_padding_last_edited=\u00a0\u00bboff|desktop\u00a0\u00bb module_alignment_tablet=\u00a0\u00bbleft\u00a0\u00bb module_alignment_phone=\u00a0\u00bbright\u00a0\u00bb module_alignment_last_edited=\u00a0\u00bbon|phone\u00a0\u00bb global_colors_info=\u00a0\u00bb{}\u00a0\u00bb][\/et_pb_image][\/et_pb_column][\/et_pb_row][\/et_pb_section][et_pb_section fb_built=\u00a0\u00bb1&Prime; admin_label=\u00a0\u00bbSection\u00a0\u00bb _builder_version=\u00a0\u00bb4.25.1&Prime; _module_preset=\u00a0\u00bbdefault\u00a0\u00bb custom_margin=\u00a0\u00bb||||false|false\u00a0\u00bb custom_padding=\u00a0\u00bb9px||0px||false|false\u00a0\u00bb da_disable_devices=\u00a0\u00bboff|off|off\u00a0\u00bb locked=\u00a0\u00bboff\u00a0\u00bb global_colors_info=\u00a0\u00bb{}\u00a0\u00bb da_is_popup=\u00a0\u00bboff\u00a0\u00bb da_exit_intent=\u00a0\u00bboff\u00a0\u00bb da_has_close=\u00a0\u00bbon\u00a0\u00bb da_alt_close=\u00a0\u00bboff\u00a0\u00bb da_dark_close=\u00a0\u00bboff\u00a0\u00bb da_not_modal=\u00a0\u00bbon\u00a0\u00bb da_is_singular=\u00a0\u00bboff\u00a0\u00bb da_with_loader=\u00a0\u00bboff\u00a0\u00bb da_has_shadow=\u00a0\u00bbon\u00a0\u00bb][et_pb_row column_structure=\u00a0\u00bb3_5,2_5&Prime; _builder_version=\u00a0\u00bb4.25.1&Prime; _module_preset=\u00a0\u00bbdefault\u00a0\u00bb custom_padding=\u00a0\u00bb14px||10px|||\u00a0\u00bb global_colors_info=\u00a0\u00bb{}\u00a0\u00bb][et_pb_column type=\u00a0\u00bb3_5&Prime; _builder_version=\u00a0\u00bb4.25.1&Prime; _module_preset=\u00a0\u00bbdefault\u00a0\u00bb border_radii=\u00a0\u00bboff||||\u00a0\u00bb border_color_all=\u00a0\u00bbRGBA(255,255,255,0)\u00a0\u00bb border_style_all=\u00a0\u00bbnone\u00a0\u00bb global_colors_info=\u00a0\u00bb{}\u00a0\u00bb][et_pb_image src=\u00a0\u00bbhttps:\/\/lesgitesdelamadrague.com\/wp-content\/uploads\/2024\/04\/Photo_cabanonPecheur_principale.jpg\u00a0\u00bb alt=\u00a0\u00bbphotographie principale cabanon de jacques\u00a0\u00bb title_text=\u00a0\u00bbPhoto_cabanonPecheur_principale\u00a0\u00bb _builder_version=\u00a0\u00bb4.25.1&Prime; _module_preset=\u00a0\u00bbdefault\u00a0\u00bb custom_margin=\u00a0\u00bb6px|6px|6px|6px|false|false\u00a0\u00bb border_radii=\u00a0\u00bboff|4px|4px||\u00a0\u00bb border_width_all=\u00a0\u00bb5px\u00a0\u00bb border_color_all=\u00a0\u00bb#12876f\u00a0\u00bb global_colors_info=\u00a0\u00bb{}\u00a0\u00bb][\/et_pb_image][et_pb_icon font_icon=\u00a0\u00bb&#x3b;||divi||400&Prime; url=\u00a0\u00bb#galerie\u00a0\u00bb _builder_version=\u00a0\u00bb4.25.1&Prime; _module_preset=\u00a0\u00bbdefault\u00a0\u00bb transform_scale=\u00a0\u00bb30%|30%\u00a0\u00bb global_colors_info=\u00a0\u00bb{}\u00a0\u00bb][\/et_pb_icon][\/et_pb_column][et_pb_column type=\u00a0\u00bb2_5&Prime; _builder_version=\u00a0\u00bb4.25.0&Prime; _module_preset=\u00a0\u00bbdefault\u00a0\u00bb background_enable_color=\u00a0\u00bboff\u00a0\u00bb border_width_all=\u00a0\u00bb1px\u00a0\u00bb border_color_all=\u00a0\u00bbRGBA(255,255,255,0)\u00a0\u00bb global_colors_info=\u00a0\u00bb{}\u00a0\u00bb][et_pb_code _builder_version=\u00a0\u00bb4.27.2&Prime; _module_preset=\u00a0\u00bbdefault\u00a0\u00bb hover_enabled=\u00a0\u00bb0&Prime; sticky_enabled=\u00a0\u00bb0&Prime;]<\/p>\n<div id=\"ConstellationWidgetContainerf7c968e0-2810-45fe-8ccc-97c57554f25a\" style=\"width:100%\" title=\"Les Gites de la Madrague\" data-id-projet='f7c968e0281045fe8ccc97c57554f25a'>Loading&#8230;<\/div>\n<p><script type=\"text\/javascript\" src=\"https:\/\/reservation.elloha.com\/Scripts\/widget-loader.min.js?v=42\"><\/script><script type=\"text\/javascript\">var constellationWidgetUrlf7c968e0281045fe8ccc97c57554f25a, constellationTypeModulef7c968e0281045fe8ccc97c57554f25a; constellationWidgetUrlf7c968e0281045fe8ccc97c57554f25a = 'https:\/\/reservation.elloha.com\/Widget\/BookingEngine\/f7c968e0-2810-45fe-8ccc-97c57554f25a?idoi=5cc81028-11aa-4e05-86ee-be39bd120b37&culture=en-GB'; constellationTypeModulef7c968e0281045fe8ccc97c57554f25a=1; constellationWidgetLoad('ConstellationWidgetContainerf7c968e0-2810-45fe-8ccc-97c57554f25a'); constellationWidgetAddEvent(window, \"resize\", function () { constellationWidgetSetAppearance('ConstellationWidgetContainerf7c968e0-2810-45fe-8ccc-97c57554f25a'); });<\/script>[\/et_pb_code][et_pb_button button_url=\u00a0\u00bbhttps:\/\/lesgitesdelamadrague.com\/index.php\/contact\/\u00a0\u00bb button_text=\u00a0\u00bbFor loyalty discounts or certain direct payments, contact us   \ud83d\udcde\u00a0\u00bb button_alignment=\u00a0\u00bbcenter\u00a0\u00bb _builder_version=\u00a0\u00bb4.27.0&Prime; _module_preset=\u00a0\u00bbdefault\u00a0\u00bb custom_button=\u00a0\u00bbon\u00a0\u00bb button_bg_color=\u00a0\u00bb#ffff7a\u00a0\u00bb button_border_radius=\u00a0\u00bb6px\u00a0\u00bb locked=\u00a0\u00bboff\u00a0\u00bb global_colors_info=\u00a0\u00bb{}\u00a0\u00bb][\/et_pb_button][et_pb_text content_tablet=\u00a0\u00bb<\/p>\n<p><strong>Meubl\u00e9 4 personnes<br \/><\/strong>\u26f1\ufe0f Un grand jardin sur plusieurs terrasses<br \/>\ud83c\udf0a Vue mer, ombre et soleil<\/p>\n<p><span style=%22text-decoration: underline;%22>\ud83e\udd58 1 cuisine \u00e9quip\u00e9e :<\/span><br \/>\u2022 cuisini\u00e8re \u00e9lectrique + 2 feux gaz \/ r\u00e9frig\u00e9rateur-cong\u00e9lateur<br \/>\u2022 lave vaisselle \/ micro-onde<br \/>\u2022 cafeti\u00e8re \u00e9lectrique \/ bouilloire<br \/>\u2022 machine \u00e0 laver le linge<\/p>\n<p>\ud83d\udecf\ufe0f 1 chambre avec 2 lits simple de 90x190cm<br \/>\ud83d\udecf\ufe0f 1 chambre 1 lit 160x200cm<br \/>\ud83d\udecb\ufe0f 1 salon cuisine de 20m2<br \/>\ud83d\udca6 1 salle de bain<br \/>\ud83d\udebd 1 WC<br \/>\u2744\ufe0f \u2668\ufe0f Syst\u00e8me de chauffage &#038; climatisation<\/p>\n<p>\u00a0\u00bb content_phone=\u00a0\u00bb<\/p>\n<p><strong>Meubl\u00e9 2\/4 personnes<br \/><\/strong>\u26f1\ufe0f Exposition plein Sud<br \/>3 restanques soleil et ombre avec terrasse de plain-pied<\/p>\n<p><span style=%22text-decoration: underline;%22>\ud83e\udd58 1 cuisine \u00e9quip\u00e9e :<\/span><br \/>\u2022 cuisini\u00e8re \u00e9lectrique + 2 feux gaz \/ r\u00e9frig\u00e9rateur-cong\u00e9lateur<br \/>\u2022 micro-onde<br \/>\u2022 cafeti\u00e8re \u00e9lectrique \/ bouilloire<br \/>\u2022 machine \u00e0 laver le linge<\/p>\n<p>\ud83d\udecf\ufe0f 1 coin chambre avec 1 lit 160x200cm<br \/>\ud83d\udecf\ufe0f 1 mezzanine au dessus de la chambre avec 1 matelas par terre pour des enfants<br \/>\ud83d\udecb\ufe0f 1 coin salon-repas, canap\u00e9 convertible de 15m2<br \/>\ud83d\udca6 1 salle de bain<br \/>\ud83d\udebd 1 WC<br \/>\u2744\ufe0f \u2668\ufe0f Syst\u00e8me de chauffage &#038; climatisation<\/p>\n<p>\u00a0\u00bb content_last_edited=\u00a0\u00bbon|phone\u00a0\u00bb _builder_version=\u00a0\u00bb4.27.0&Prime; _module_preset=\u00a0\u00bbdefault\u00a0\u00bb text_font=\u00a0\u00bbBarlow|500|||||||\u00a0\u00bb text_text_color=\u00a0\u00bb#000000&Prime; text_font_tablet=\u00a0\u00bbBarlow|600|||||||\u00a0\u00bb text_font_phone=\u00a0\u00bbBarlow|600|||||||\u00a0\u00bb text_font_last_edited=\u00a0\u00bbon|phone\u00a0\u00bb text_font_size_tablet=\u00a0\u00bb\u00a0\u00bb text_font_size_phone=\u00a0\u00bb16px\u00a0\u00bb text_font_size_last_edited=\u00a0\u00bbon|phone\u00a0\u00bb text_line_height_tablet=\u00a0\u00bb\u00a0\u00bb text_line_height_phone=\u00a0\u00bb\u00a0\u00bb text_line_height_last_edited=\u00a0\u00bbon|desktop\u00a0\u00bb global_colors_info=\u00a0\u00bb{}\u00a0\u00bb]<\/p>\n<p><strong>Accomodation for 2\/4 people<\/strong><br \/>\u26f1\ufe0f Southern exposure<br \/>3 terraces sun and shade with terrace on one level<\/p>\n<p>\ud83e\udd58 1 fully equipped kitchen:<br \/>\u2022 3 gas hobs-1 electric hob, oven \/ fridge freezer<br \/>\u2022 microwave<br \/>\u2022 coffee maker\/kettle<br \/>\u2022 washing machine<\/p>\n<p>\ud83d\udecf\ufe0f &#8211; 1 bedroom with 1 bed 160x200cm<br \/>\ud83d\udecf\ufe0f &#8211; 1 mezzanine above the room with 2 mattress on the floor for children<br \/>\ud83d\udecb\ufe0f &#8211; 1 sitting-dining area, sofa bed of 15m2<br \/>\ud83d\udca6 &#8211; 1 bathroom<br \/>\ud83d\udebd &#8211; 1 toilet<br \/>\u2744\ufe0f \u2668\ufe0f Heating &amp; air conditioning system<\/p>\n<p>[\/et_pb_text][\/et_pb_column][\/et_pb_row][\/et_pb_section][et_pb_section fb_built=\u00a0\u00bb1&Prime; admin_label=\u00a0\u00bbSection\u00a0\u00bb module_id=\u00a0\u00bbgalerie\u00a0\u00bb _builder_version=\u00a0\u00bb4.25.1&Prime; _module_preset=\u00a0\u00bbdefault\u00a0\u00bb custom_padding=\u00a0\u00bb0px||||false|false\u00a0\u00bb da_popup_slug=\u00a0\u00bbgalerie\u00a0\u00bb da_disable_devices=\u00a0\u00bboff|off|off\u00a0\u00bb locked=\u00a0\u00bboff\u00a0\u00bb global_colors_info=\u00a0\u00bb{}\u00a0\u00bb da_is_popup=\u00a0\u00bboff\u00a0\u00bb da_exit_intent=\u00a0\u00bboff\u00a0\u00bb da_has_close=\u00a0\u00bbon\u00a0\u00bb da_alt_close=\u00a0\u00bboff\u00a0\u00bb da_dark_close=\u00a0\u00bboff\u00a0\u00bb da_not_modal=\u00a0\u00bbon\u00a0\u00bb da_is_singular=\u00a0\u00bboff\u00a0\u00bb da_with_loader=\u00a0\u00bboff\u00a0\u00bb da_has_shadow=\u00a0\u00bbon\u00a0\u00bb][et_pb_row _builder_version=\u00a0\u00bb4.25.1&Prime; _module_preset=\u00a0\u00bbdefault\u00a0\u00bb custom_padding=\u00a0\u00bb2px|||||\u00a0\u00bb global_colors_info=\u00a0\u00bb{}\u00a0\u00bb][et_pb_column type=\u00a0\u00bb4_4&Prime; _builder_version=\u00a0\u00bb4.25.1&Prime; _module_preset=\u00a0\u00bbdefault\u00a0\u00bb global_colors_info=\u00a0\u00bb{}\u00a0\u00bb][et_pb_text _builder_version=\u00a0\u00bb4.27.0&Prime; _module_preset=\u00a0\u00bbdefault\u00a0\u00bb text_font=\u00a0\u00bbKalam|700|||||||\u00a0\u00bb text_text_color=\u00a0\u00bb#006d75&Prime; text_font_size=\u00a0\u00bb24px\u00a0\u00bb custom_padding=\u00a0\u00bb|112px||||\u00a0\u00bb global_colors_info=\u00a0\u00bb{}\u00a0\u00bb]<\/p>\n<p>Gallery<\/p>\n<p>[\/et_pb_text][et_pb_gallery gallery_ids=\u00a0\u00bb1906,1346,1348,1351,1347&Prime; posts_number=\u00a0\u00bb8&Prime; show_title_and_caption=\u00a0\u00bboff\u00a0\u00bb show_pagination=\u00a0\u00bboff\u00a0\u00bb _builder_version=\u00a0\u00bb4.25.1&Prime; _module_preset=\u00a0\u00bbdefault\u00a0\u00bb custom_margin=\u00a0\u00bb||||false|false\u00a0\u00bb custom_padding=\u00a0\u00bb||||false|false\u00a0\u00bb border_color_all=\u00a0\u00bbRGBA(255,255,255,0)\u00a0\u00bb border_radii_image=\u00a0\u00bbon|4px|4px|4px|4px\u00a0\u00bb global_colors_info=\u00a0\u00bb{}\u00a0\u00bb][\/et_pb_gallery][\/et_pb_column][\/et_pb_row][\/et_pb_section]<\/p>\n","protected":false},"excerpt":{"rendered":"<p>Le cabanon des p\u00eacheursAccomodation for 2\/4 people\u26f1\ufe0f Southern exposure3 terraces sun and shade with terrace on one level \ud83e\udd58 1 fully equipped kitchen:\u2022 3 gas hobs-1 electric hob, oven \/ fridge freezer\u2022 microwave\u2022 coffee maker\/kettle\u2022 washing machine \ud83d\udecf\ufe0f &#8211; 1 bedroom with 1 bed 160x200cm\ud83d\udecf\ufe0f &#8211; 1 mezzanine above the room with 2 mattress on [&hellip;]<\/p>\n","protected":false},"author":1,"featured_media":0,"parent":0,"menu_order":0,"comment_status":"closed","ping_status":"closed","template":"","meta":{"_et_pb_use_builder":"on","_et_pb_old_content":"","_et_gb_content_width":"","footnotes":""},"class_list":["post-2417","page","type-page","status-publish","hentry"],"_links":{"self":[{"href":"https:\/\/lesgitesdelamadrague.com\/index.php\/wp-json\/wp\/v2\/pages\/2417","targetHints":{"allow":["GET"]}}],"collection":[{"href":"https:\/\/lesgitesdelamadrague.com\/index.php\/wp-json\/wp\/v2\/pages"}],"about":[{"href":"https:\/\/lesgitesdelamadrague.com\/index.php\/wp-json\/wp\/v2\/types\/page"}],"author":[{"embeddable":true,"href":"https:\/\/lesgitesdelamadrague.com\/index.php\/wp-json\/wp\/v2\/users\/1"}],"replies":[{"embeddable":true,"href":"https:\/\/lesgitesdelamadrague.com\/index.php\/wp-json\/wp\/v2\/comments?post=2417"}],"version-history":[{"count":9,"href":"https:\/\/lesgitesdelamadrague.com\/index.php\/wp-json\/wp\/v2\/pages\/2417\/revisions"}],"predecessor-version":[{"id":2593,"href":"https:\/\/lesgitesdelamadrague.com\/index.php\/wp-json\/wp\/v2\/pages\/2417\/revisions\/2593"}],"wp:attachment":[{"href":"https:\/\/lesgitesdelamadrague.com\/index.php\/wp-json\/wp\/v2\/media?parent=2417"}],"curies":[{"name":"wp","href":"https:\/\/api.w.org\/{rel}","templated":true}]}}