{"id":1455,"date":"2024-05-17T14:05:10","date_gmt":"2024-05-17T12:05:10","guid":{"rendered":"http:\/\/staging.lesgitesdelamadrague.com\/?page_id=1455"},"modified":"2025-01-31T10:41:39","modified_gmt":"2025-01-31T09:41:39","slug":"le-cabanon-de-jacques","status":"publish","type":"page","link":"https:\/\/lesgitesdelamadrague.com\/index.php\/le-cabanon-de-jacques\/","title":{"rendered":"Le cabanon de Jacques"},"content":{"rendered":"<p>[et_pb_section fb_built=\u00a0\u00bb1&Prime; custom_padding_last_edited=\u00a0\u00bbon|phone\u00a0\u00bb admin_label=\u00a0\u00bbSection\u00a0\u00bb _builder_version=\u00a0\u00bb4.25.1&Prime; _module_preset=\u00a0\u00bbdefault\u00a0\u00bb custom_margin=\u00a0\u00bb||||false|false\u00a0\u00bb custom_margin_tablet=\u00a0\u00bb20px||||false|false\u00a0\u00bb custom_margin_phone=\u00a0\u00bb20px||||false|false\u00a0\u00bb custom_margin_last_edited=\u00a0\u00bbon|phone\u00a0\u00bb custom_padding=\u00a0\u00bb0px||0px||false|false\u00a0\u00bb custom_padding_tablet=\u00a0\u00bb||5px||false|false\u00a0\u00bb custom_padding_phone=\u00a0\u00bb90px||||false|false\u00a0\u00bb da_disable_devices=\u00a0\u00bboff|off|off\u00a0\u00bb locked=\u00a0\u00bboff\u00a0\u00bb global_colors_info=\u00a0\u00bb{}\u00a0\u00bb da_is_popup=\u00a0\u00bboff\u00a0\u00bb da_exit_intent=\u00a0\u00bboff\u00a0\u00bb da_has_close=\u00a0\u00bbon\u00a0\u00bb da_alt_close=\u00a0\u00bboff\u00a0\u00bb da_dark_close=\u00a0\u00bboff\u00a0\u00bb da_not_modal=\u00a0\u00bbon\u00a0\u00bb da_is_singular=\u00a0\u00bboff\u00a0\u00bb da_with_loader=\u00a0\u00bboff\u00a0\u00bb da_has_shadow=\u00a0\u00bbon\u00a0\u00bb][et_pb_row column_structure=\u00a0\u00bb1_2,1_2&Prime; _builder_version=\u00a0\u00bb4.24.3&Prime; _module_preset=\u00a0\u00bbdefault\u00a0\u00bb custom_margin=\u00a0\u00bb|auto|-10px|auto||\u00a0\u00bb custom_padding=\u00a0\u00bb||6px|||\u00a0\u00bb global_colors_info=\u00a0\u00bb{}\u00a0\u00bb][et_pb_column type=\u00a0\u00bb1_2&Prime; _builder_version=\u00a0\u00bb4.24.3&Prime; _module_preset=\u00a0\u00bbdefault\u00a0\u00bb global_colors_info=\u00a0\u00bb{}\u00a0\u00bb][et_pb_text admin_label=\u00a0\u00bbTexte\u00a0\u00bb _builder_version=\u00a0\u00bb4.25.1&Prime; _module_preset=\u00a0\u00bbdefault\u00a0\u00bb header_font=\u00a0\u00bbKalam|700|||||||\u00a0\u00bb header_text_align=\u00a0\u00bbright\u00a0\u00bb header_text_color=\u00a0\u00bb#006d75&Prime; header_font_size=\u00a0\u00bb48px\u00a0\u00bb custom_margin=\u00a0\u00bb||-30px||false|false\u00a0\u00bb custom_margin_tablet=\u00a0\u00bb||-30px||false|false\u00a0\u00bb custom_margin_phone=\u00a0\u00bb|10px|-61px||false|false\u00a0\u00bb custom_margin_last_edited=\u00a0\u00bbon|phone\u00a0\u00bb custom_padding=\u00a0\u00bb||||false|false\u00a0\u00bb header_font_tablet=\u00a0\u00bbKalam|700|||||||\u00a0\u00bb header_font_phone=\u00a0\u00bbKalam|700|||||||\u00a0\u00bb header_font_last_edited=\u00a0\u00bbon|phone\u00a0\u00bb header_text_align_tablet=\u00a0\u00bbright\u00a0\u00bb header_text_align_phone=\u00a0\u00bbcenter\u00a0\u00bb header_text_align_last_edited=\u00a0\u00bbon|phone\u00a0\u00bb header_font_size_tablet=\u00a0\u00bb54px\u00a0\u00bb header_font_size_phone=\u00a0\u00bb30px\u00a0\u00bb header_font_size_last_edited=\u00a0\u00bbon|phone\u00a0\u00bb global_colors_info=\u00a0\u00bb{}\u00a0\u00bb]<\/p>\n<h1 style=\"text-align: right;\">Le cabanon de Jacques<\/h1>\n<p>[\/et_pb_text][\/et_pb_column][et_pb_column type=\u00a0\u00bb1_2&Prime; _builder_version=\u00a0\u00bb4.24.3&Prime; _module_preset=\u00a0\u00bbdefault\u00a0\u00bb global_colors_info=\u00a0\u00bb{}\u00a0\u00bb][et_pb_image src=\u00a0\u00bbhttps:\/\/lesgitesdelamadrague.com\/wp-content\/uploads\/2024\/05\/pictogrambouee.png\u00a0\u00bb alt=\u00a0\u00bbtortue\u00a0\u00bb title_text=\u00a0\u00bbpictogrambouee\u00a0\u00bb disabled_on=\u00a0\u00bbon|off|off\u00a0\u00bb _builder_version=\u00a0\u00bb4.25.1&Prime; _module_preset=\u00a0\u00bbdefault\u00a0\u00bb transform_scale=\u00a0\u00bb76%|76%\u00a0\u00bb transform_translate=\u00a0\u00bb-36px|-8px\u00a0\u00bb max_width=\u00a0\u00bb10%\u00a0\u00bb max_width_tablet=\u00a0\u00bb10%\u00a0\u00bb max_width_phone=\u00a0\u00bb0%\u00a0\u00bb max_width_last_edited=\u00a0\u00bbon|phone\u00a0\u00bb module_alignment=\u00a0\u00bbleft\u00a0\u00bb max_height=\u00a0\u00bb100px\u00a0\u00bb custom_padding=\u00a0\u00bb|1px||3px||\u00a0\u00bb global_colors_info=\u00a0\u00bb{}\u00a0\u00bb][\/et_pb_image][\/et_pb_column][\/et_pb_row][\/et_pb_section][et_pb_section fb_built=\u00a0\u00bb1&Prime; admin_label=\u00a0\u00bbSection\u00a0\u00bb _builder_version=\u00a0\u00bb4.25.0&Prime; _module_preset=\u00a0\u00bbdefault\u00a0\u00bb custom_margin=\u00a0\u00bb||||false|false\u00a0\u00bb custom_padding=\u00a0\u00bb9px||21px||false|false\u00a0\u00bb da_disable_devices=\u00a0\u00bboff|off|off\u00a0\u00bb locked=\u00a0\u00bboff\u00a0\u00bb global_colors_info=\u00a0\u00bb{}\u00a0\u00bb da_is_popup=\u00a0\u00bboff\u00a0\u00bb da_exit_intent=\u00a0\u00bboff\u00a0\u00bb da_has_close=\u00a0\u00bbon\u00a0\u00bb da_alt_close=\u00a0\u00bboff\u00a0\u00bb da_dark_close=\u00a0\u00bboff\u00a0\u00bb da_not_modal=\u00a0\u00bbon\u00a0\u00bb da_is_singular=\u00a0\u00bboff\u00a0\u00bb da_with_loader=\u00a0\u00bboff\u00a0\u00bb da_has_shadow=\u00a0\u00bbon\u00a0\u00bb][et_pb_row column_structure=\u00a0\u00bb3_5,2_5&Prime; _builder_version=\u00a0\u00bb4.25.1&Prime; _module_preset=\u00a0\u00bbdefault\u00a0\u00bb custom_margin=\u00a0\u00bb||||false|false\u00a0\u00bb custom_margin_tablet=\u00a0\u00bb||||false|false\u00a0\u00bb custom_margin_phone=\u00a0\u00bb||||false|false\u00a0\u00bb custom_margin_last_edited=\u00a0\u00bbon|desktop\u00a0\u00bb custom_padding=\u00a0\u00bb17px||10px|||\u00a0\u00bb global_colors_info=\u00a0\u00bb{}\u00a0\u00bb][et_pb_column type=\u00a0\u00bb3_5&Prime; _builder_version=\u00a0\u00bb4.25.1&Prime; _module_preset=\u00a0\u00bbdefault\u00a0\u00bb border_radii=\u00a0\u00bboff||||\u00a0\u00bb border_color_all=\u00a0\u00bbRGBA(255,255,255,0)\u00a0\u00bb border_style_all=\u00a0\u00bbnone\u00a0\u00bb global_colors_info=\u00a0\u00bb{}\u00a0\u00bb][et_pb_image src=\u00a0\u00bbhttps:\/\/lesgitesdelamadrague.com\/wp-content\/uploads\/2024\/04\/Photo_cabanonJacques_principale.jpg\u00a0\u00bb alt=\u00a0\u00bbphotographie principale le cabanon de jacques\u00a0\u00bb title_text=\u00a0\u00bbPhoto_cabanonJacques_principale\u00a0\u00bb _builder_version=\u00a0\u00bb4.25.1&Prime; _module_preset=\u00a0\u00bbdefault\u00a0\u00bb custom_margin=\u00a0\u00bb6px|6px|6px|6px|false|false\u00a0\u00bb custom_margin_tablet=\u00a0\u00bb6px|6px|6px|6px|false|false\u00a0\u00bb custom_margin_phone=\u00a0\u00bb1px||||false|false\u00a0\u00bb custom_margin_last_edited=\u00a0\u00bbon|phone\u00a0\u00bb border_radii=\u00a0\u00bboff|4px|4px||\u00a0\u00bb border_width_all=\u00a0\u00bb5px\u00a0\u00bb border_color_all=\u00a0\u00bb#5524db\u00a0\u00bb global_colors_info=\u00a0\u00bb{}\u00a0\u00bb][\/et_pb_image][et_pb_icon font_icon=\u00a0\u00bb&#x3b;||divi||400&Prime; url=\u00a0\u00bb#galerie\u00a0\u00bb _builder_version=\u00a0\u00bb4.25.1&Prime; _module_preset=\u00a0\u00bbdefault\u00a0\u00bb transform_scale=\u00a0\u00bb30%|30%\u00a0\u00bb custom_margin=\u00a0\u00bb||-30px||false|false\u00a0\u00bb custom_padding=\u00a0\u00bb0px||0px||false|false\u00a0\u00bb custom_padding_tablet=\u00a0\u00bb0px||0px||false|false\u00a0\u00bb custom_padding_phone=\u00a0\u00bb0px||0px||false|false\u00a0\u00bb custom_padding_last_edited=\u00a0\u00bbon|desktop\u00a0\u00bb locked=\u00a0\u00bboff\u00a0\u00bb global_colors_info=\u00a0\u00bb{}\u00a0\u00bb][\/et_pb_icon][\/et_pb_column][et_pb_column type=\u00a0\u00bb2_5&Prime; _builder_version=\u00a0\u00bb4.25.0&Prime; _module_preset=\u00a0\u00bbdefault\u00a0\u00bb background_enable_color=\u00a0\u00bboff\u00a0\u00bb border_width_all=\u00a0\u00bb1px\u00a0\u00bb border_color_all=\u00a0\u00bbRGBA(255,255,255,0)\u00a0\u00bb global_colors_info=\u00a0\u00bb{}\u00a0\u00bb][et_pb_code _builder_version=\u00a0\u00bb4.27.2&Prime; _module_preset=\u00a0\u00bbdefault\u00a0\u00bb background_color=\u00a0\u00bb#a9d3cf\u00a0\u00bb border_radii=\u00a0\u00bbon|11px|11px|11px|11px\u00a0\u00bb global_colors_info=\u00a0\u00bb{}\u00a0\u00bb]<\/p>\n<div id=\"ConstellationWidgetContainer2fb69767-4216-4cf7-ad5d-b2b5f37454fb\" style=\"width:100%\" title=\"Les Gites de la Madrague\" data-id-projet='2fb6976742164cf7ad5db2b5f37454fb'>Chargement en cours&#8230;<\/div>\n<p><script type=\"text\/javascript\" src=\"https:\/\/reservation.elloha.com\/Scripts\/widget-loader.min.js?v=42\"><\/script><script type=\"text\/javascript\">var constellationWidgetUrl2fb6976742164cf7ad5db2b5f37454fb, constellationTypeModule2fb6976742164cf7ad5db2b5f37454fb; constellationWidgetUrl2fb6976742164cf7ad5db2b5f37454fb = 'https:\/\/reservation.elloha.com\/Widget\/BookingEngine\/2fb69767-4216-4cf7-ad5d-b2b5f37454fb?idoi=5cc81028-11aa-4e05-86ee-be39bd120b37&culture=fr-FR'; constellationTypeModule2fb6976742164cf7ad5db2b5f37454fb=1; constellationWidgetLoad('ConstellationWidgetContainer2fb69767-4216-4cf7-ad5d-b2b5f37454fb'); constellationWidgetAddEvent(window, \"resize\", function () { constellationWidgetSetAppearance('ConstellationWidgetContainer2fb69767-4216-4cf7-ad5d-b2b5f37454fb'); });<\/script>[\/et_pb_code][et_pb_button button_url=\u00a0\u00bbhttps:\/\/lesgitesdelamadrague.com\/index.php\/contact\/\u00a0\u00bb button_text=\u00a0\u00bbPour les remises de fid\u00e9lit\u00e9 ou pour certains paiements directs nous contacter    \ud83d\udcde\u00a0\u00bb button_alignment=\u00a0\u00bbcenter\u00a0\u00bb _builder_version=\u00a0\u00bb4.25.1&Prime; _module_preset=\u00a0\u00bbdefault\u00a0\u00bb custom_button=\u00a0\u00bbon\u00a0\u00bb button_bg_color=\u00a0\u00bb#ffff7a\u00a0\u00bb button_border_radius=\u00a0\u00bb6px\u00a0\u00bb locked=\u00a0\u00bboff\u00a0\u00bb global_colors_info=\u00a0\u00bb{}\u00a0\u00bb][\/et_pb_button][et_pb_text content_tablet=\u00a0\u00bb<\/p>\n<p><strong> Meubl\u00e9 4 personnes<br \/><\/strong>\u26f1\ufe0f grand jardin sur plusieurs \u00e9tages et des terrasses vue sur mer ombre et soleil<\/p>\n<p><span style=%22text-decoration: underline;%22>\ud83e\udd58 1 cuisine \u00e9quip\u00e9e :<\/span><br \/>\u2022 cuisini\u00e8re 2 feux \u00e9lectriques + 2 feux \u00e9lectriques  r\u00e9frig\u00e9rateur-cong\u00e9lateur \/ Un micro onde<br \/>\u2022 cafeti\u00e8re \u00e9lectrique \/ bouilloire<br \/>\u2022 lave vaisselle<br \/>\u2022 machine \u00e0 laver le linge<\/p>\n<p>\ud83d\udecf\ufe0f 1 chambre avec 2 lits double de 90x190cm<br \/>\ud83d\udecf\ufe0f 1 chambre avec lit double de 160x200cm<br \/>\ud83d\udecb\ufe0f 1 salon cuisine vue mer de 20m2<br \/>\ud83d\udca6 1 salle de bain<br \/>\ud83d\udebd 1 WC<br \/>\u2744\ufe0f \u2668\ufe0f Syst\u00e8me de chauffage &#038; climatisation<\/p>\n<p>\u00a0\u00bb content_phone=\u00a0\u00bb<\/p>\n<p><strong> Meubl\u00e9 4 personnes<br \/><\/strong>\u26f1\ufe0f grand jardin sur plusieurs \u00e9tages et des terrasses vue sur mer ombre et soleil<\/p>\n<p><span style=%22text-decoration: underline;%22>\ud83e\udd58 1 cuisine \u00e9quip\u00e9e :<\/span><br \/>\u2022 cuisini\u00e8re 2 feux \u00e9lectriques + 2 feux \u00e9lectriques  r\u00e9frig\u00e9rateur-cong\u00e9lateur \/ Un micro onde<br \/>\u2022 cafeti\u00e8re \u00e9lectrique \/ bouilloire<br \/>\u2022 lave vaisselle<br \/>\u2022 machine \u00e0 laver le linge<\/p>\n<p>\ud83d\udecf\ufe0f 1 chambre avec 2 lits double de 90x190cm<br \/>\ud83d\udecf\ufe0f 1 chambre avec lit double de 160x200cm<br \/>\ud83d\udecb\ufe0f 1 salon cuisine vue mer de 20m2<br \/>\ud83d\udca6 1 salle de bain<br \/>\ud83d\udebd 1 WC<br \/>\u2744\ufe0f \u2668\ufe0f Syst\u00e8me de chauffage &#038; climatisation<\/p>\n<p>\u00a0\u00bb content_last_edited=\u00a0\u00bbon|phone\u00a0\u00bb _builder_version=\u00a0\u00bb4.27.4&Prime; _module_preset=\u00a0\u00bbdefault\u00a0\u00bb text_font=\u00a0\u00bbBarlow|500|||||||\u00a0\u00bb text_text_color=\u00a0\u00bb#000000&Prime; min_height=\u00a0\u00bb414px\u00a0\u00bb text_font_size_tablet=\u00a0\u00bb\u00a0\u00bb text_font_size_phone=\u00a0\u00bb16px\u00a0\u00bb text_font_size_last_edited=\u00a0\u00bbon|phone\u00a0\u00bb global_colors_info=\u00a0\u00bb{}\u00a0\u00bb]<\/p>\n<p><strong>\u00a0Meubl\u00e9 4 personnes<\/strong><br \/>\u26f1\ufe0f grand jardin sur plusieurs \u00e9tages et des terrasses vue sur mer ombre et soleil<\/p>\n<p>\ud83e\udd58 1 cuisine \u00e9quip\u00e9e :<br \/>\u2022 plaque vitroc\u00e9ramique 4 feux, four<br \/>\u2022 r\u00e9frig\u00e9rateur-cong\u00e9lateur \/ Un micro onde<br \/>\u2022 cafeti\u00e8re \u00e9lectrique \/ bouilloire<br \/>\u2022 lave vaisselle<br \/>\u2022 machine \u00e0 laver le linge<\/p>\n<p>\ud83d\udecf\ufe0f 1 chambre avec 2 lits de 90x200cm<br \/>\ud83d\udecf\ufe0f 1 chambre avec lit double de 160x200cm<br \/>\ud83d\udecb\ufe0f 1 salon cuisine vue mer de 20m2<br \/>\ud83d\udca6 1 salle de bain<br \/>\ud83d\udebd 1 WC<br \/>\u2744\ufe0f \u2668\ufe0f Syst\u00e8me de chauffage &amp; climatisation<br \/>\ud83d\udc76 Possibilit\u00e9 de lit parapluie et chaise haute pour les b\u00e9b\u00e9s, demandez nous.<\/p>\n<p>[\/et_pb_text][\/et_pb_column][\/et_pb_row][\/et_pb_section][et_pb_section fb_built=\u00a0\u00bb1&Prime; admin_label=\u00a0\u00bbSection\u00a0\u00bb module_id=\u00a0\u00bbgalerie\u00a0\u00bb _builder_version=\u00a0\u00bb4.25.1&Prime; _module_preset=\u00a0\u00bbdefault\u00a0\u00bb custom_padding=\u00a0\u00bb8px|||||\u00a0\u00bb da_popup_slug=\u00a0\u00bbgalerie\u00a0\u00bb da_disable_devices=\u00a0\u00bboff|off|off\u00a0\u00bb locked=\u00a0\u00bboff\u00a0\u00bb global_colors_info=\u00a0\u00bb{}\u00a0\u00bb da_is_popup=\u00a0\u00bboff\u00a0\u00bb da_exit_intent=\u00a0\u00bboff\u00a0\u00bb da_has_close=\u00a0\u00bbon\u00a0\u00bb da_alt_close=\u00a0\u00bboff\u00a0\u00bb da_dark_close=\u00a0\u00bboff\u00a0\u00bb da_not_modal=\u00a0\u00bbon\u00a0\u00bb da_is_singular=\u00a0\u00bboff\u00a0\u00bb da_with_loader=\u00a0\u00bboff\u00a0\u00bb da_has_shadow=\u00a0\u00bbon\u00a0\u00bb][et_pb_row _builder_version=\u00a0\u00bb4.25.1&Prime; _module_preset=\u00a0\u00bbdefault\u00a0\u00bb custom_margin=\u00a0\u00bb||||false|false\u00a0\u00bb custom_padding=\u00a0\u00bb0px||0px||false|false\u00a0\u00bb global_colors_info=\u00a0\u00bb{}\u00a0\u00bb][et_pb_column type=\u00a0\u00bb4_4&Prime; _builder_version=\u00a0\u00bb4.25.1&Prime; _module_preset=\u00a0\u00bbdefault\u00a0\u00bb global_colors_info=\u00a0\u00bb{}\u00a0\u00bb][et_pb_text _builder_version=\u00a0\u00bb4.25.1&Prime; _module_preset=\u00a0\u00bbdefault\u00a0\u00bb text_font=\u00a0\u00bbKalam|700|||||||\u00a0\u00bb text_text_color=\u00a0\u00bb#006d75&Prime; text_font_size=\u00a0\u00bb24px\u00a0\u00bb custom_padding=\u00a0\u00bb|112px||||\u00a0\u00bb global_colors_info=\u00a0\u00bb{}\u00a0\u00bb]<\/p>\n<p>Galerie photos<\/p>\n<p>[\/et_pb_text][et_pb_gallery gallery_ids=\u00a0\u00bb2722,2634,2704,2735,2638,2635,2637&Prime; posts_number=\u00a0\u00bb8&Prime; show_title_and_caption=\u00a0\u00bboff\u00a0\u00bb show_pagination=\u00a0\u00bboff\u00a0\u00bb _builder_version=\u00a0\u00bb4.27.4&Prime; _module_preset=\u00a0\u00bbdefault\u00a0\u00bb custom_margin=\u00a0\u00bb||||false|false\u00a0\u00bb custom_padding=\u00a0\u00bb||||false|false\u00a0\u00bb hover_enabled=\u00a0\u00bb0&Prime; border_width_all=\u00a0\u00bb0px\u00a0\u00bb border_color_all=\u00a0\u00bbRGBA(255,255,255,0)\u00a0\u00bb border_radii_image=\u00a0\u00bbon|4px|4px|4px|4px\u00a0\u00bb global_colors_info=\u00a0\u00bb{}\u00a0\u00bb sticky_enabled=\u00a0\u00bb0&Prime;][\/et_pb_gallery][\/et_pb_column][\/et_pb_row][\/et_pb_section]<\/p>\n","protected":false},"excerpt":{"rendered":"<p>Le cabanon de Jacques\u00a0Meubl\u00e9 4 personnes\u26f1\ufe0f grand jardin sur plusieurs \u00e9tages et des terrasses vue sur mer ombre et soleil \ud83e\udd58 1 cuisine \u00e9quip\u00e9e :\u2022 plaque vitroc\u00e9ramique 4 feux, four\u2022 r\u00e9frig\u00e9rateur-cong\u00e9lateur \/ Un micro onde\u2022 cafeti\u00e8re \u00e9lectrique \/ bouilloire\u2022 lave vaisselle\u2022 machine \u00e0 laver le linge \ud83d\udecf\ufe0f 1 chambre avec 2 lits de 90x200cm\ud83d\udecf\ufe0f 1 [&hellip;]<\/p>\n","protected":false},"author":1,"featured_media":0,"parent":0,"menu_order":0,"comment_status":"closed","ping_status":"closed","template":"","meta":{"_et_pb_use_builder":"on","_et_pb_old_content":"","_et_gb_content_width":"","footnotes":""},"class_list":["post-1455","page","type-page","status-publish","hentry"],"_links":{"self":[{"href":"https:\/\/lesgitesdelamadrague.com\/index.php\/wp-json\/wp\/v2\/pages\/1455","targetHints":{"allow":["GET"]}}],"collection":[{"href":"https:\/\/lesgitesdelamadrague.com\/index.php\/wp-json\/wp\/v2\/pages"}],"about":[{"href":"https:\/\/lesgitesdelamadrague.com\/index.php\/wp-json\/wp\/v2\/types\/page"}],"author":[{"embeddable":true,"href":"https:\/\/lesgitesdelamadrague.com\/index.php\/wp-json\/wp\/v2\/users\/1"}],"replies":[{"embeddable":true,"href":"https:\/\/lesgitesdelamadrague.com\/index.php\/wp-json\/wp\/v2\/comments?post=1455"}],"version-history":[{"count":29,"href":"https:\/\/lesgitesdelamadrague.com\/index.php\/wp-json\/wp\/v2\/pages\/1455\/revisions"}],"predecessor-version":[{"id":2816,"href":"https:\/\/lesgitesdelamadrague.com\/index.php\/wp-json\/wp\/v2\/pages\/1455\/revisions\/2816"}],"wp:attachment":[{"href":"https:\/\/lesgitesdelamadrague.com\/index.php\/wp-json\/wp\/v2\/media?parent=1455"}],"curies":[{"name":"wp","href":"https:\/\/api.w.org\/{rel}","templated":true}]}}